{"id":808,"date":"2019-03-07T09:27:35","date_gmt":"2019-03-07T08:27:35","guid":{"rendered":"https:\/\/gefaesspraxis-kusenack.de\/?page_id=808"},"modified":"2024-08-09T08:30:31","modified_gmt":"2024-08-09T06:30:31","slug":"%d0%be%d1%82%d0%bf%d0%b5%d1%87%d0%b0%d1%82%d0%be%d0%ba","status":"publish","type":"page","link":"https:\/\/gefaesspraxis-kusenack.de\/ru\/impressum\/","title":{"rendered":"\u0412\u044b\u0445\u043e\u0434\u043d\u044b\u0435 \u0434\u0430\u043d\u043d\u044b\u0435"},"content":{"rendered":"\t\t<div data-elementor-type=\"wp-post\" data-elementor-id=\"808\" class=\"elementor elementor-808\" data-elementor-post-type=\"page\">\n\t\t\t\t\t\t<section class=\"elementor-section elementor-top-section elementor-element elementor-element-2b9e6561 elementor-section-boxed elementor-section-height-default elementor-section-height-default\" data-id=\"2b9e6561\" data-element_type=\"section\" data-e-type=\"section\" data-settings=\"{&quot;jet_parallax_layout_list&quot;:[{&quot;jet_parallax_layout_image&quot;:{&quot;url&quot;:&quot;&quot;,&quot;id&quot;:&quot;&quot;,&quot;size&quot;:&quot;&quot;},&quot;_id&quot;:&quot;93e7d86&quot;,&quot;jet_parallax_layout_image_tablet&quot;:{&quot;url&quot;:&quot;&quot;,&quot;id&quot;:&quot;&quot;,&quot;size&quot;:&quot;&quot;},&quot;jet_parallax_layout_image_mobile&quot;:{&quot;url&quot;:&quot;&quot;,&quot;id&quot;:&quot;&quot;,&quot;size&quot;:&quot;&quot;},&quot;jet_parallax_layout_speed&quot;:{&quot;unit&quot;:&quot;%&quot;,&quot;size&quot;:50,&quot;sizes&quot;:[]},&quot;jet_parallax_layout_type&quot;:&quot;scroll&quot;,&quot;jet_parallax_layout_direction&quot;:null,&quot;jet_parallax_layout_fx_direction&quot;:null,&quot;jet_parallax_layout_z_index&quot;:&quot;&quot;,&quot;jet_parallax_layout_bg_x&quot;:50,&quot;jet_parallax_layout_bg_x_tablet&quot;:&quot;&quot;,&quot;jet_parallax_layout_bg_x_mobile&quot;:&quot;&quot;,&quot;jet_parallax_layout_bg_y&quot;:50,&quot;jet_parallax_layout_bg_y_tablet&quot;:&quot;&quot;,&quot;jet_parallax_layout_bg_y_mobile&quot;:&quot;&quot;,&quot;jet_parallax_layout_bg_size&quot;:&quot;auto&quot;,&quot;jet_parallax_layout_bg_size_tablet&quot;:&quot;&quot;,&quot;jet_parallax_layout_bg_size_mobile&quot;:&quot;&quot;,&quot;jet_parallax_layout_animation_prop&quot;:&quot;transform&quot;,&quot;jet_parallax_layout_on&quot;:[&quot;desktop&quot;,&quot;tablet&quot;]}]}\">\n\t\t\t\t\t\t<div class=\"elementor-container elementor-column-gap-default\">\n\t\t\t\t\t<div class=\"elementor-column elementor-col-100 elementor-top-column elementor-element elementor-element-2370bdb0\" data-id=\"2370bdb0\" data-element_type=\"column\" data-e-type=\"column\">\n\t\t\t<div class=\"elementor-widget-wrap elementor-element-populated\">\n\t\t\t\t\t\t<div class=\"elementor-element elementor-element-397752c3 content-h2 elementor-widget elementor-widget-heading\" data-id=\"397752c3\" data-element_type=\"widget\" data-e-type=\"widget\" data-widget_type=\"heading.default\">\n\t\t\t\t<div class=\"elementor-widget-container\">\n\t\t\t\t\t<h2 class=\"elementor-heading-title elementor-size-default\">Dr. Kusenack - Gef\u00e4\u00dfpraxis D\u00fcsseldorf<\/h2>\t\t\t\t<\/div>\n\t\t\t\t<\/div>\n\t\t\t\t\t<\/div>\n\t\t<\/div>\n\t\t\t\t\t<\/div>\n\t\t<\/section>\n\t\t\t\t<section class=\"elementor-section elementor-top-section elementor-element elementor-element-45792dfd elementor-section-boxed elementor-section-height-default elementor-section-height-default\" data-id=\"45792dfd\" data-element_type=\"section\" data-e-type=\"section\" data-settings=\"{&quot;jet_parallax_layout_list&quot;:[{&quot;jet_parallax_layout_image&quot;:{&quot;url&quot;:&quot;&quot;,&quot;id&quot;:&quot;&quot;,&quot;size&quot;:&quot;&quot;},&quot;_id&quot;:&quot;11c4d12&quot;,&quot;jet_parallax_layout_image_tablet&quot;:{&quot;url&quot;:&quot;&quot;,&quot;id&quot;:&quot;&quot;,&quot;size&quot;:&quot;&quot;},&quot;jet_parallax_layout_image_mobile&quot;:{&quot;url&quot;:&quot;&quot;,&quot;id&quot;:&quot;&quot;,&quot;size&quot;:&quot;&quot;},&quot;jet_parallax_layout_speed&quot;:{&quot;unit&quot;:&quot;%&quot;,&quot;size&quot;:50,&quot;sizes&quot;:[]},&quot;jet_parallax_layout_type&quot;:&quot;scroll&quot;,&quot;jet_parallax_layout_direction&quot;:null,&quot;jet_parallax_layout_fx_direction&quot;:null,&quot;jet_parallax_layout_z_index&quot;:&quot;&quot;,&quot;jet_parallax_layout_bg_x&quot;:50,&quot;jet_parallax_layout_bg_x_tablet&quot;:&quot;&quot;,&quot;jet_parallax_layout_bg_x_mobile&quot;:&quot;&quot;,&quot;jet_parallax_layout_bg_y&quot;:50,&quot;jet_parallax_layout_bg_y_tablet&quot;:&quot;&quot;,&quot;jet_parallax_layout_bg_y_mobile&quot;:&quot;&quot;,&quot;jet_parallax_layout_bg_size&quot;:&quot;auto&quot;,&quot;jet_parallax_layout_bg_size_tablet&quot;:&quot;&quot;,&quot;jet_parallax_layout_bg_size_mobile&quot;:&quot;&quot;,&quot;jet_parallax_layout_animation_prop&quot;:&quot;transform&quot;,&quot;jet_parallax_layout_on&quot;:[&quot;desktop&quot;,&quot;tablet&quot;]}]}\">\n\t\t\t\t\t\t<div class=\"elementor-container elementor-column-gap-default\">\n\t\t\t\t\t<div class=\"elementor-column elementor-col-100 elementor-top-column elementor-element elementor-element-4ed60061\" data-id=\"4ed60061\" data-element_type=\"column\" data-e-type=\"column\">\n\t\t\t<div class=\"elementor-widget-wrap elementor-element-populated\">\n\t\t\t\t\t\t<div class=\"elementor-element elementor-element-2bced106 elementor-widget elementor-widget-text-editor\" data-id=\"2bced106\" data-element_type=\"widget\" data-e-type=\"widget\" data-widget_type=\"text-editor.default\">\n\t\t\t\t<div class=\"elementor-widget-container\">\n\t\t\t\t\t\t\t\t\t<p><strong>Dr. med. Ulrich Kusenack<br \/><\/strong>E-Mail\u00a0<a href=\"mailto:info@dr-kusenack.de\">info@dr-kusenack.de<\/a><\/p><p>Telefon <a href=\"tel:+492119507480\">+49 211 95 07 48 0<\/a><br \/>Telefax <a href=\"tel:+4921195074844\">+49 211 95 07 48 44<\/a><\/p><div><div>K\u00f6nigsallee 30\u00a0<\/div><div>40212 D\u00fcsseldorf<\/div><\/div><div>\u00a0<\/div><div><strong>Berufsbezeichnung<br \/><\/strong>Facharzt f\u00fcr Gef\u00e4\u00dfchirurgie, Facharzt f\u00fcr Allgemeinchirurgie<strong><br \/><\/strong><\/div><div>\u00a0<\/div><p><strong><b>Berufsordnung f\u00fcr \u00c4rzte<\/b><br \/><\/strong>Meine Berufsbezeichnung \u201eArzt\u201c habe ich in Deutschland erworben.\u00a0<br \/>Ich unterliege der Berufsordnung der <a href=\"https:\/\/www.aekno.de\/aerzte\/berufsordnung\" target=\"_blank\" rel=\"noopener\">\u00c4rztekammer Nordrhein<\/a>.\u00a0<\/p><p><strong>Inhaltlich verantwortlich gem\u00e4\u00df \u00a76 MDStV<br \/><\/strong>Dr. med. Ulrich Kusenack<\/p><p><strong>Konzeption und Gestaltung<br \/><\/strong>360 Grad Praxismarketing &amp; Consulting<br \/>Grafenberger Allee 342<br \/>40235 D\u00fcsseldorf<br \/>Fon +49 211 93 676 17 2<br \/>Fax +49 211 93 676 17 9<\/p><p><a href=\"mailto:info@360grad-praxismarketing.de\">info@360grad-praxismarketing.de<\/a><br \/><a href=\"http:\/\/www.360grad-praxismarketing.de\/\">www.360grad-praxismarketing.de<\/a><\/p><p><a href=\"https:\/\/csw.agency\/seo-agentur-duesseldorf\/\">SEO Agentur D\u00fcsseldorf<\/a><\/p><p><strong>Fotografie<br \/><\/strong><a href=\"http:\/\/www.morriswillner.com\/\" target=\"_blank\" rel=\"noopener\">Morris Willner Photography<br \/><\/a><\/p><p><strong>Copyright<\/strong><br \/>Alle Rechte der Internet-Seiten www.gefaesspraxis-kusenack.de liegen bei Dr. med. Ulrich Kusenack. Unerlaubtes Kopieren und Verwenden von Inhalten und Abbildungen ist verboten.<\/p><p><strong>Haftungsausschluss<\/strong><br \/>Wir bem\u00fchen uns, dass die auf unserer Website enthaltenen Informationen und Daten zutreffend sind. Eine Haftung oder Garantie f\u00fcr die Aktualit\u00e4t, Richtigkeit und Vollst\u00e4ndigkeit der zur Verf\u00fcgung gestellten Informationen und Daten ist jedoch ausgeschlossen. Wir m\u00f6chten St\u00f6rungen aufgrund technischer Probleme so gering wie m\u00f6glich halten und empfehlen Ihnen, s\u00e4mtliche M\u00f6glichkeiten zu nutzen, um solchen St\u00f6rungen vorzubeugen. Es ist allerdings nicht ausgeschlossen, dass einige der Daten und Angaben auf unserer Webseite in nicht fehlerfreien Dateien oder Formaten angelegt \/strukturiert sind, und wir k\u00f6nnen keine Gew\u00e4hr daf\u00fcr \u00fcbernehmen, dass unser Dienst nicht unterbrochen oder anderweitig durch derartige St\u00f6rungen beeintr\u00e4chtigt wird. Dr. Kusenack &#8211; Gef\u00e4\u00dfpraxis D\u00fcsseldorf \u00fcbernimmt jedoch keine Verantwortung f\u00fcr solche Probleme, die aufgrund der Benutzung dieser Website oder damit verbundener externer Websites entstehen k\u00f6nnten.<\/p>\t\t\t\t\t\t\t\t<\/div>\n\t\t\t\t<\/div>\n\t\t\t\t\t<\/div>\n\t\t<\/div>\n\t\t\t\t\t<\/div>\n\t\t<\/section>\n\t\t\t\t<\/div>\n\t\t","protected":false},"excerpt":{"rendered":"<p>Dr. Kusenack &#8211; Gef\u00e4\u00dfpraxis D\u00fcsseldorf Dr. med. Ulrich KusenackE-Mail\u00a0info@dr-kusenack.de Telefon +49 211 95 07 48 0Telefax +49 211 95 07 48 44 K\u00f6nigsallee 30\u00a040212 D\u00fcsseldorf\u00a0BerufsbezeichnungFacharzt f\u00fcr Gef\u00e4\u00dfchirurgie, Facharzt f\u00fcr Allgemeinchirurgie\u00a0 Berufsordnung f\u00fcr \u00c4rzteMeine Berufsbezeichnung \u201eArzt\u201c habe ich in Deutschland erworben.\u00a0Ich unterliege der Berufsordnung der \u00c4rztekammer Nordrhein.\u00a0 Inhaltlich verantwortlich gem\u00e4\u00df \u00a76 MDStVDr. med. Ulrich Kusenack Konzeption [&hellip;]<\/p>\n","protected":false},"author":8,"featured_media":814,"parent":0,"menu_order":0,"comment_status":"closed","ping_status":"closed","template":"uk-unterseite.php","meta":{"site-sidebar-layout":"no-sidebar","site-content-layout":"page-builder","ast-site-content-layout":"default","site-content-style":"default","site-sidebar-style":"default","ast-global-header-display":"","ast-banner-title-visibility":"","ast-main-header-display":"","ast-hfb-above-header-display":"","ast-hfb-below-header-display":"","ast-hfb-mobile-header-display":"","site-post-title":"disabled","ast-breadcrumbs-content":"","ast-featured-img":"disabled","footer-sml-layout":"","ast-disable-related-posts":"","theme-transparent-header-meta":"default","adv-header-id-meta":"","stick-header-meta":"","header-above-stick-meta":"","header-main-stick-meta":"","header-below-stick-meta":"","astra-migrate-meta-layouts":"default","ast-page-background-enabled":"default","ast-page-background-meta":{"desktop":{"background-color":"var(--ast-global-color-4)","background-image":"","background-repeat":"repeat","background-position":"center center","background-size":"auto","background-attachment":"scroll","background-type":"","background-media":"","overlay-type":"","overlay-color":"","overlay-opacity":"","overlay-gradient":""},"tablet":{"background-color":"","background-image":"","background-repeat":"repeat","background-position":"center center","background-size":"auto","background-attachment":"scroll","background-type":"","background-media":"","overlay-type":"","overlay-color":"","overlay-opacity":"","overlay-gradient":""},"mobile":{"background-color":"","background-image":"","background-repeat":"repeat","background-position":"center center","background-size":"auto","background-attachment":"scroll","background-type":"","background-media":"","overlay-type":"","overlay-color":"","overlay-opacity":"","overlay-gradient":""}},"ast-content-background-meta":{"desktop":{"background-color":"var(--ast-global-color-5)","background-image":"","background-repeat":"repeat","background-position":"center center","background-size":"auto","background-attachment":"scroll","background-type":"","background-media":"","overlay-type":"","overlay-color":"","overlay-opacity":"","overlay-gradient":""},"tablet":{"background-color":"var(--ast-global-color-5)","background-image":"","background-repeat":"repeat","background-position":"center center","background-size":"auto","background-attachment":"scroll","background-type":"","background-media":"","overlay-type":"","overlay-color":"","overlay-opacity":"","overlay-gradient":""},"mobile":{"background-color":"var(--ast-global-color-5)","background-image":"","background-repeat":"repeat","background-position":"center center","background-size":"auto","background-attachment":"scroll","background-type":"","background-media":"","overlay-type":"","overlay-color":"","overlay-opacity":"","overlay-gradient":""}},"footnotes":""},"class_list":["post-808","page","type-page","status-publish","has-post-thumbnail","hentry"],"yoast_head":"<!-- This site is optimized with the Yoast SEO plugin v27.6 - https:\/\/yoast.com\/product\/yoast-seo-wordpress\/ -->\n<title>Impressum - Dr. Kusenack Gef\u00e4\u00dfchirurgie D\u00fcsseldorf<\/title>\n<meta name=\"description\" content=\"Dr. Kusenack - Gef\u00e4\u00dfpraxis D\u00fcsseldorf. Facharzt f\u00fcr Gef\u00e4\u00dfchirurgie, Facharzt f\u00fcr Allgemeinchirurgie. Zust\u00e4ndige Kammer: \u00c4rztekammer Nordrhein...\" \/>\n<meta name=\"robots\" content=\"index, follow, max-snippet:-1, max-image-preview:large, max-video-preview:-1\" \/>\n<link rel=\"canonical\" href=\"https:\/\/gefaesspraxis-kusenack.de\/ru\/\u043e\u0442\u043f\u0435\u0447\u0430\u0442\u043e\u043a\/\" \/>\n<meta property=\"og:locale\" content=\"ru_RU\" \/>\n<meta property=\"og:type\" content=\"article\" \/>\n<meta property=\"og:title\" content=\"Impressum - Dr. Kusenack Gef\u00e4\u00dfchirurgie D\u00fcsseldorf\" \/>\n<meta property=\"og:description\" content=\"Dr. Kusenack - Gef\u00e4\u00dfpraxis D\u00fcsseldorf. Facharzt f\u00fcr Gef\u00e4\u00dfchirurgie, Facharzt f\u00fcr Allgemeinchirurgie. Zust\u00e4ndige Kammer: \u00c4rztekammer Nordrhein...\" \/>\n<meta property=\"og:url\" content=\"https:\/\/gefaesspraxis-kusenack.de\/ru\/\u043e\u0442\u043f\u0435\u0447\u0430\u0442\u043e\u043a\/\" \/>\n<meta property=\"og:site_name\" content=\"Dr. Kusenack\" \/>\n<meta property=\"article:modified_time\" content=\"2024-08-09T06:30:31+00:00\" \/>\n<meta property=\"og:image\" content=\"https:\/\/gefaesspraxis-kusenack.de\/wp-content\/uploads\/2019\/03\/kusenack-duesseldorf-start.jpg\" \/>\n\t<meta property=\"og:image:width\" content=\"1920\" \/>\n\t<meta property=\"og:image:height\" content=\"1281\" \/>\n\t<meta property=\"og:image:type\" content=\"image\/jpeg\" \/>\n<meta name=\"twitter:card\" content=\"summary_large_image\" \/>\n<meta name=\"twitter:label1\" content=\"\u041f\u0440\u0438\u043c\u0435\u0440\u043d\u043e\u0435 \u0432\u0440\u0435\u043c\u044f \u0434\u043b\u044f \u0447\u0442\u0435\u043d\u0438\u044f\" \/>\n\t<meta name=\"twitter:data1\" content=\"2 \u043c\u0438\u043d\u0443\u0442\u044b\" \/>\n<!-- \/ Yoast SEO plugin. -->","yoast_head_json":{"title":"\u0418\u043c\u043f\u0440\u0438\u043d\u0442 - \u0421\u043e\u0441\u0443\u0434\u0438\u0441\u0442\u0430\u044f \u0445\u0438\u0440\u0443\u0440\u0433\u0438\u044f \u0434\u043e\u043a\u0442\u043e\u0440\u0430 \u041a\u044e\u0437\u0435\u043d\u0430\u043a\u0430 \u0432 \u0414\u044e\u0441\u0441\u0435\u043b\u044c\u0434\u043e\u0440\u0444\u0435","description":"\u0414\u043e\u043a\u0442\u043e\u0440 \u041a\u044e\u0437\u0435\u043d\u0430\u043a - \u0441\u043e\u0441\u0443\u0434\u0438\u0441\u0442\u0430\u044f \u043f\u0440\u0430\u043a\u0442\u0438\u043a\u0430 \u0432 \u0414\u044e\u0441\u0441\u0435\u043b\u044c\u0434\u043e\u0440\u0444\u0435. \u0421\u043f\u0435\u0446\u0438\u0430\u043b\u0438\u0441\u0442 \u0432 \u043e\u0431\u043b\u0430\u0441\u0442\u0438 \u0441\u043e\u0441\u0443\u0434\u0438\u0441\u0442\u043e\u0439 \u0445\u0438\u0440\u0443\u0440\u0433\u0438\u0438, \u0441\u043f\u0435\u0446\u0438\u0430\u043b\u0438\u0441\u0442 \u0432 \u043e\u0431\u043b\u0430\u0441\u0442\u0438 \u043e\u0431\u0449\u0435\u0439 \u0445\u0438\u0440\u0443\u0440\u0433\u0438\u0438. \u041e\u0442\u0432\u0435\u0442\u0441\u0442\u0432\u0435\u043d\u043d\u0430\u044f \u043f\u0430\u043b\u0430\u0442\u0430: \u041c\u0435\u0434\u0438\u0446\u0438\u043d\u0441\u043a\u0430\u044f \u0430\u0441\u0441\u043e\u0446\u0438\u0430\u0446\u0438\u044f \u0421\u0435\u0432\u0435\u0440\u043d\u043e\u0433\u043e \u0420\u0435\u0439\u043d\u0430...","robots":{"index":"index","follow":"follow","max-snippet":"max-snippet:-1","max-image-preview":"max-image-preview:large","max-video-preview":"max-video-preview:-1"},"canonical":"https:\/\/gefaesspraxis-kusenack.de\/ru\/\u043e\u0442\u043f\u0435\u0447\u0430\u0442\u043e\u043a\/","og_locale":"ru_RU","og_type":"article","og_title":"Impressum - Dr. Kusenack Gef\u00e4\u00dfchirurgie D\u00fcsseldorf","og_description":"Dr. Kusenack - Gef\u00e4\u00dfpraxis D\u00fcsseldorf. Facharzt f\u00fcr Gef\u00e4\u00dfchirurgie, Facharzt f\u00fcr Allgemeinchirurgie. Zust\u00e4ndige Kammer: \u00c4rztekammer Nordrhein...","og_url":"https:\/\/gefaesspraxis-kusenack.de\/ru\/\u043e\u0442\u043f\u0435\u0447\u0430\u0442\u043e\u043a\/","og_site_name":"Dr. Kusenack","article_modified_time":"2024-08-09T06:30:31+00:00","og_image":[{"width":1920,"height":1281,"url":"https:\/\/gefaesspraxis-kusenack.de\/wp-content\/uploads\/2019\/03\/kusenack-duesseldorf-start.jpg","type":"image\/jpeg"}],"twitter_card":"summary_large_image","twitter_misc":{"\u041f\u0440\u0438\u043c\u0435\u0440\u043d\u043e\u0435 \u0432\u0440\u0435\u043c\u044f \u0434\u043b\u044f \u0447\u0442\u0435\u043d\u0438\u044f":"2 \u043c\u0438\u043d\u0443\u0442\u044b"},"schema":{"@context":"https:\/\/schema.org","@graph":[{"@type":"WebPage","@id":"https:\/\/gefaesspraxis-kusenack.de\/impressum\/","url":"https:\/\/gefaesspraxis-kusenack.de\/impressum\/","name":"\u0418\u043c\u043f\u0440\u0438\u043d\u0442 - \u0421\u043e\u0441\u0443\u0434\u0438\u0441\u0442\u0430\u044f \u0445\u0438\u0440\u0443\u0440\u0433\u0438\u044f \u0434\u043e\u043a\u0442\u043e\u0440\u0430 \u041a\u044e\u0437\u0435\u043d\u0430\u043a\u0430 \u0432 \u0414\u044e\u0441\u0441\u0435\u043b\u044c\u0434\u043e\u0440\u0444\u0435","isPartOf":{"@id":"https:\/\/gefaesspraxis-kusenack.de\/#website"},"primaryImageOfPage":{"@id":"https:\/\/gefaesspraxis-kusenack.de\/impressum\/#primaryimage"},"image":{"@id":"https:\/\/gefaesspraxis-kusenack.de\/impressum\/#primaryimage"},"thumbnailUrl":"https:\/\/gefaesspraxis-kusenack.de\/wp-content\/uploads\/2019\/03\/kusenack-duesseldorf-start.jpg","datePublished":"2019-03-07T08:27:35+00:00","dateModified":"2024-08-09T06:30:31+00:00","description":"\u0414\u043e\u043a\u0442\u043e\u0440 \u041a\u044e\u0437\u0435\u043d\u0430\u043a - \u0441\u043e\u0441\u0443\u0434\u0438\u0441\u0442\u0430\u044f \u043f\u0440\u0430\u043a\u0442\u0438\u043a\u0430 \u0432 \u0414\u044e\u0441\u0441\u0435\u043b\u044c\u0434\u043e\u0440\u0444\u0435. \u0421\u043f\u0435\u0446\u0438\u0430\u043b\u0438\u0441\u0442 \u0432 \u043e\u0431\u043b\u0430\u0441\u0442\u0438 \u0441\u043e\u0441\u0443\u0434\u0438\u0441\u0442\u043e\u0439 \u0445\u0438\u0440\u0443\u0440\u0433\u0438\u0438, \u0441\u043f\u0435\u0446\u0438\u0430\u043b\u0438\u0441\u0442 \u0432 \u043e\u0431\u043b\u0430\u0441\u0442\u0438 \u043e\u0431\u0449\u0435\u0439 \u0445\u0438\u0440\u0443\u0440\u0433\u0438\u0438. \u041e\u0442\u0432\u0435\u0442\u0441\u0442\u0432\u0435\u043d\u043d\u0430\u044f \u043f\u0430\u043b\u0430\u0442\u0430: \u041c\u0435\u0434\u0438\u0446\u0438\u043d\u0441\u043a\u0430\u044f \u0430\u0441\u0441\u043e\u0446\u0438\u0430\u0446\u0438\u044f \u0421\u0435\u0432\u0435\u0440\u043d\u043e\u0433\u043e \u0420\u0435\u0439\u043d\u0430...","breadcrumb":{"@id":"https:\/\/gefaesspraxis-kusenack.de\/impressum\/#breadcrumb"},"inLanguage":"ru-RU","potentialAction":[{"@type":"ReadAction","target":["https:\/\/gefaesspraxis-kusenack.de\/impressum\/"]}]},{"@type":"ImageObject","inLanguage":"ru-RU","@id":"https:\/\/gefaesspraxis-kusenack.de\/impressum\/#primaryimage","url":"https:\/\/gefaesspraxis-kusenack.de\/wp-content\/uploads\/2019\/03\/kusenack-duesseldorf-start.jpg","contentUrl":"https:\/\/gefaesspraxis-kusenack.de\/wp-content\/uploads\/2019\/03\/kusenack-duesseldorf-start.jpg","width":1920,"height":1281,"caption":"Dr. med. Ulrich Kusenack - Privatpraxis f\u00fcr Gef\u00e4\u00dfchirurgie D\u00fcsseldorf Carlstadt - Spezialsit f\u00fcr Venenheilkunde"},{"@type":"BreadcrumbList","@id":"https:\/\/gefaesspraxis-kusenack.de\/impressum\/#breadcrumb","itemListElement":[{"@type":"ListItem","position":1,"name":"Startseite","item":"https:\/\/gefaesspraxis-kusenack.de\/"},{"@type":"ListItem","position":2,"name":"Impressum"}]},{"@type":"WebSite","@id":"https:\/\/gefaesspraxis-kusenack.de\/#website","url":"https:\/\/gefaesspraxis-kusenack.de\/","name":"\u0414\u043e\u043a\u0442\u043e\u0440 \u041a\u044c\u044e\u0437\u0435\u043d\u0430\u043a","description":"\u0421\u043e\u0441\u0443\u0434\u0438\u0441\u0442\u0430\u044f \u043f\u0440\u0430\u043a\u0442\u0438\u043a\u0430 \u0414\u044e\u0441\u0441\u0435\u043b\u044c\u0434\u043e\u0440\u0444","publisher":{"@id":"https:\/\/gefaesspraxis-kusenack.de\/#\/schema\/person\/11d46936bc3d889a82f8ccd7d5d03da3"},"potentialAction":[{"@type":"SearchAction","target":{"@type":"EntryPoint","urlTemplate":"https:\/\/gefaesspraxis-kusenack.de\/?s={search_term_string}"},"query-input":{"@type":"PropertyValueSpecification","valueRequired":true,"valueName":"search_term_string"}}],"inLanguage":"ru-RU"},{"@type":["Person","Organization"],"@id":"https:\/\/gefaesspraxis-kusenack.de\/#\/schema\/person\/11d46936bc3d889a82f8ccd7d5d03da3","name":"\u041a\u044e\u0437\u0435\u043d\u0430\u043a","image":{"@type":"ImageObject","inLanguage":"ru-RU","@id":"https:\/\/gefaesspraxis-kusenack.de\/wp-content\/uploads\/2026\/03\/kusenack-fettabsaugung-phlebologie.png","url":"https:\/\/gefaesspraxis-kusenack.de\/wp-content\/uploads\/2026\/03\/kusenack-fettabsaugung-phlebologie.png","contentUrl":"https:\/\/gefaesspraxis-kusenack.de\/wp-content\/uploads\/2026\/03\/kusenack-fettabsaugung-phlebologie.png","width":1920,"height":636,"caption":"Kusenack"},"logo":{"@id":"https:\/\/gefaesspraxis-kusenack.de\/wp-content\/uploads\/2026\/03\/kusenack-fettabsaugung-phlebologie.png"}}]}},"_links":{"self":[{"href":"https:\/\/gefaesspraxis-kusenack.de\/ru\/wp-json\/wp\/v2\/pages\/808","targetHints":{"allow":["GET"]}}],"collection":[{"href":"https:\/\/gefaesspraxis-kusenack.de\/ru\/wp-json\/wp\/v2\/pages"}],"about":[{"href":"https:\/\/gefaesspraxis-kusenack.de\/ru\/wp-json\/wp\/v2\/types\/page"}],"author":[{"embeddable":true,"href":"https:\/\/gefaesspraxis-kusenack.de\/ru\/wp-json\/wp\/v2\/users\/8"}],"replies":[{"embeddable":true,"href":"https:\/\/gefaesspraxis-kusenack.de\/ru\/wp-json\/wp\/v2\/comments?post=808"}],"version-history":[{"count":22,"href":"https:\/\/gefaesspraxis-kusenack.de\/ru\/wp-json\/wp\/v2\/pages\/808\/revisions"}],"predecessor-version":[{"id":7635,"href":"https:\/\/gefaesspraxis-kusenack.de\/ru\/wp-json\/wp\/v2\/pages\/808\/revisions\/7635"}],"wp:featuredmedia":[{"embeddable":true,"href":"https:\/\/gefaesspraxis-kusenack.de\/ru\/wp-json\/wp\/v2\/media\/814"}],"wp:attachment":[{"href":"https:\/\/gefaesspraxis-kusenack.de\/ru\/wp-json\/wp\/v2\/media?parent=808"}],"curies":[{"name":"wp","href":"https:\/\/api.w.org\/{rel}","templated":true}]}}